{"id":16216,"date":"2021-10-09T12:01:06","date_gmt":"2021-10-09T12:01:06","guid":{"rendered":"https:\/\/moblesartesania.com\/?page_id=16216"},"modified":"2023-07-26T08:15:20","modified_gmt":"2023-07-26T08:15:20","slug":"declaracio-accessibilitat","status":"publish","type":"page","link":"https:\/\/moblesartesania.com\/ca\/declaracio-accessibilitat\/","title":{"rendered":"Declaraci\u00f3 d&#8217;accessibilitat"},"content":{"rendered":"\t\t<div data-elementor-type=\"wp-page\" data-elementor-id=\"16216\" class=\"elementor elementor-16216 elementor-15327\">\n\t\t\t\t\t\t\t\t\t<section class=\"elementor-section elementor-top-section elementor-element elementor-element-5649088b elementor-section-boxed elementor-section-height-default elementor-section-height-default\" data-id=\"5649088b\" data-element_type=\"section\">\n\t\t\t\t\t\t<div class=\"elementor-container elementor-column-gap-default\">\n\t\t\t\t\t<div class=\"elementor-column elementor-col-100 elementor-top-column elementor-element elementor-element-4af564ac\" data-id=\"4af564ac\" data-element_type=\"column\">\n\t\t\t<div class=\"elementor-widget-wrap elementor-element-populated\">\n\t\t\t\t\t\t\t\t<div class=\"elementor-element elementor-element-171b4cf1 elementor-widget elementor-widget-text-editor\" data-id=\"171b4cf1\" data-element_type=\"widget\" data-widget_type=\"text-editor.default\">\n\t\t\t\t<div class=\"elementor-widget-container\">\n\t\t\t<style>\/*! elementor - v3.14.0 - 26-06-2023 *\/\n.elementor-widget-text-editor.elementor-drop-cap-view-stacked .elementor-drop-cap{background-color:#69727d;color:#fff}.elementor-widget-text-editor.elementor-drop-cap-view-framed .elementor-drop-cap{color:#69727d;border:3px solid;background-color:transparent}.elementor-widget-text-editor:not(.elementor-drop-cap-view-default) .elementor-drop-cap{margin-top:8px}.elementor-widget-text-editor:not(.elementor-drop-cap-view-default) .elementor-drop-cap-letter{width:1em;height:1em}.elementor-widget-text-editor .elementor-drop-cap{float:left;text-align:center;line-height:1;font-size:50px}.elementor-widget-text-editor .elementor-drop-cap-letter{display:inline-block}<\/style>\t\t\t\t\n<p>Serveis d\u2019Internet Javajan SL, s\u2019ha comprom\u00e8s a fer accessibles els seus llocs web, de conformitat amb el Real Decreto 1112\/2018, del 7 de setembre, sobre accessibilitat dels llocs web i aplicacions per a dispositius m\u00f2bils, per la qual es trasposa a l&#8217;ordenament jur\u00eddic espanyol la <a href=\"http:\/\/eur-lex.europa.eu\/legal-content\/ES\/TXT\/?uri=uriserv:OJ.L_.2016.327.01.0001.01.SPA&amp;toc=OJ:L:2016:327:FULL\" target=\"_blank\" rel=\"noreferrer noopener\">Directiva (UE) 2016\/2102 del Parlamento Europeo y del Consejo<\/a><br>La present declaraci\u00f3 d\u2019accessibilitat s\u2019aplica al web https:\/\/www.moblesartesania.com<\/p>\n\n\n\n<p><strong>Situaci\u00f3 de compliment<\/strong><br>Aquest lloc web \u00e9s parcialment conforme amb el <a href=\"https:\/\/www.boe.es\/diario_boe\/txt.php?id=BOE-A-2018-12699\" target=\"_blank\" rel=\"noreferrer noopener\"><strong>RD 1112\/2018<\/strong><\/a> a causa de les excepcions i de la manca de conformitat dels aspectes que s&#8217;indiquen a continuaci\u00f3.<br><strong>Contingut no accessible<\/strong><br>El contingut que es recull a continuaci\u00f3 no \u00e9s accessible pel seg\u00fcent:<br><strong>a. Falta de conformitat amb el RD 1112\/2018<\/strong><br>\u25cb A causa de l&#8217;automatitzaci\u00f3 d&#8217;algunes de les publicacions podrien existir p\u00e0gines amb un incorrecte nidament d&#8217;etiquetes HTML.<br>\u25cb Hi ha documents en format PDF que no compleixen amb la normativa.<br>\u25cb Podrien haver-hi errors puntuals d&#8217;edici\u00f3 en alguna p\u00e0gina web.<br><strong>b. Carga desproporcionada<\/strong><br>\u25cb No aplica.<br><strong>c. Contingut que no entra dins de l&#8217;\u00e0mbit de la legislaci\u00f3 aplicable<\/strong><br>\u25cb Fitxers ofim\u00e0tics en PDF o altres formats, aix\u00ed com aplicacions publicades abans del 20 de setembre de 2018 que no compleixin totalment tots els requisits d&#8217;accessibilitat.<br>\u25cb Continguts multim\u00e8dia en directe.<br>\u25cb Contingut multim\u00e8dia pregravat publicat abans de l&#8217;entrada en vigor del Reial Decret.<br>\u25cb Serveis de mapa en l\u00ednia.<\/p>\n\n\n\n<p><br><strong>Preparaci\u00f3 d&#8217;aquesta declaraci\u00f3 d&#8217;accessibilitat<\/strong><br>Aquesta declaraci\u00f3 va ser preparada el 24 de maig de 2023 i est\u00e0 basada en els informes d&#8217;accessibilitat web del <a href=\"https:\/\/administracionelectronica.gob.es\/pae_Home\/pae_Estrategias\/pae_Accesibilidad.html\" target=\"_blank\" rel=\"noreferrer noopener\"><strong>Observatorio de Accesibilidad<\/strong><\/a>.<br>La data de la darrera revisi\u00f3 ha estat el 28 de juny de 2023.<\/p>\n\n\n\n<p><strong>Observacions i dades de contacte<\/strong><br>Podeu realitzar comunicacions sobre requisits d&#8217;accessibilitat (article 10.2 del RD 1112\/2018) com ara:<br>\u25cf informar sobre qualsevol possible incompliment per part d&#8217;aquest lloc web<br>\u25cf transmitir altres dificultats d\u2019acc\u00e9s al contingut<br>\u25cf formular qualsevol altre consulta o sugger\u00e8ncia de millora relativa a l\u2019accessibilitat del lloc web.<br>a trav\u00e9s del correu electr\u00f2nic info@javajan.com indicant en l\u2019assumpte el nom de la p\u00e0gina.<\/p>\n\n\n\n<p><strong>Contingut opcional<\/strong><br>Aquest lloc web:<br>\u25cf S&#8217;ha dissenyat adaptant-se als est\u00e0ndards i normatives vigents en relaci\u00f3 amb l&#8217;accessibilitat, complint amb els punts de verificaci\u00f3 de prioritat 2 (AA) definits a l&#8217;especificaci\u00f3 de Pautes d&#8217;Accessibilitat al Contingut a la Web (WCAG 2.1).<br>\u25cf Compleix els requisits de la Norma <a href=\"https:\/\/administracionelectronica.gob.es\/pae_Home\/dam\/jcr:2352eaaf-2ee8-4501-a67b-bb682c6de934\/Norma_UNE-EN_301549.pdf\" target=\"_blank\" rel=\"noreferrer noopener\">UNE-EN 301549 v1.1.2:2015<\/a>, considerant les excepcions del Real Decreto 1112\/2018.<br>\u25cf Est\u00e0 dissenyat per a la seva correcta visualitzaci\u00f3 en dispositius d\u2019escriptori, tablet i m\u00f2bils per a una resoluci\u00f3 m\u00ednima de 1280&#215;1024.<br>\u25cf S&#8217;ha realitzat utilitzant HTML5 com a llenguatge de marcatge i fulls d&#8217;estil CSS 3 pel disseny.<\/p>\n\n\n\n<p><\/p>\n\t\t\t\t\t\t<\/div>\n\t\t\t\t<\/div>\n\t\t\t\t\t<\/div>\n\t\t<\/div>\n\t\t\t\t\t\t\t<\/div>\n\t\t<\/section>\n\t\t\t\t\t\t\t<\/div>\n\t\t","protected":false},"excerpt":{"rendered":"<p>Serveis d\u2019Internet Javajan SL, s\u2019ha comprom\u00e8s a fer accessibles els seus llocs web, de conformitat amb el Real Decreto 1112\/2018, del 7 de setembre, sobre accessibilitat dels llocs web i aplicacions per a dispositius m\u00f2bils, per la qual es trasposa a l&#8217;ordenament jur\u00eddic espanyol la Directiva (UE) 2016\/2102 del Parlamento Europeo y del ConsejoLa present [&hellip;]<\/p>\n","protected":false},"author":1,"featured_media":0,"parent":0,"menu_order":0,"comment_status":"closed","ping_status":"closed","template":"","meta":{"footnotes":""},"class_list":["post-16216","page","type-page","status-publish","hentry"],"yoast_head":"<!-- This site is optimized with the Yoast SEO plugin v20.11 - https:\/\/yoast.com\/wordpress\/plugins\/seo\/ -->\n<title>Declaraci\u00f3 d&#039;accessibilitat - ARTESAN\u00cdA 1965 S.L<\/title>\n<meta name=\"description\" content=\"A Mobles Artesania ens preocupem per l&#039;accessibilitat de la nostra web. Aqu\u00ed trobar\u00e0s la informaci\u00f3 sobre com hem dissenyat la nostra web\" \/>\n<meta name=\"robots\" content=\"index, follow, max-snippet:-1, max-image-preview:large, max-video-preview:-1\" \/>\n<link rel=\"canonical\" href=\"https:\/\/moblesartesania.com\/ca\/declaracio-accessibilitat\/\" \/>\n<meta property=\"og:locale\" content=\"ca_ES\" \/>\n<meta property=\"og:type\" content=\"article\" \/>\n<meta property=\"og:title\" content=\"Declaraci\u00f3 d&#039;accessibilitat - ARTESAN\u00cdA 1965 S.L\" \/>\n<meta property=\"og:description\" content=\"A Mobles Artesania ens preocupem per l&#039;accessibilitat de la nostra web. Aqu\u00ed trobar\u00e0s la informaci\u00f3 sobre com hem dissenyat la nostra web\" \/>\n<meta property=\"og:url\" content=\"https:\/\/moblesartesania.com\/ca\/declaracio-accessibilitat\/\" \/>\n<meta property=\"og:site_name\" content=\"ARTESAN\u00cdA 1965 S.L\" \/>\n<meta property=\"article:publisher\" content=\"https:\/\/www.facebook.com\/people\/Mobles-Artesania\/100063611978495\/\" \/>\n<meta property=\"article:modified_time\" content=\"2023-07-26T08:15:20+00:00\" \/>\n<meta name=\"twitter:card\" content=\"summary_large_image\" \/>\n<meta name=\"twitter:label1\" content=\"Temps estimat de lectura\" \/>\n\t<meta name=\"twitter:data1\" content=\"3 minuts\" \/>\n<script type=\"application\/ld+json\" class=\"yoast-schema-graph\">{\"@context\":\"https:\/\/schema.org\",\"@graph\":[{\"@type\":\"WebPage\",\"@id\":\"https:\/\/moblesartesania.com\/ca\/declaracio-accessibilitat\/\",\"url\":\"https:\/\/moblesartesania.com\/ca\/declaracio-accessibilitat\/\",\"name\":\"Declaraci\u00f3 d'accessibilitat - ARTESAN\u00cdA 1965 S.L\",\"isPartOf\":{\"@id\":\"https:\/\/moblesartesania.com\/ca\/#website\"},\"datePublished\":\"2021-10-09T12:01:06+00:00\",\"dateModified\":\"2023-07-26T08:15:20+00:00\",\"description\":\"A Mobles Artesania ens preocupem per l'accessibilitat de la nostra web. Aqu\u00ed trobar\u00e0s la informaci\u00f3 sobre com hem dissenyat la nostra web\",\"breadcrumb\":{\"@id\":\"https:\/\/moblesartesania.com\/ca\/declaracio-accessibilitat\/#breadcrumb\"},\"inLanguage\":\"ca\",\"potentialAction\":[{\"@type\":\"ReadAction\",\"target\":[\"https:\/\/moblesartesania.com\/ca\/declaracio-accessibilitat\/\"]}]},{\"@type\":\"BreadcrumbList\",\"@id\":\"https:\/\/moblesartesania.com\/ca\/declaracio-accessibilitat\/#breadcrumb\",\"itemListElement\":[{\"@type\":\"ListItem\",\"position\":1,\"name\":\"Portada\",\"item\":\"https:\/\/moblesartesania.com\/ca\/\"},{\"@type\":\"ListItem\",\"position\":2,\"name\":\"Declaraci\u00f3 d&#8217;accessibilitat\"}]},{\"@type\":\"WebSite\",\"@id\":\"https:\/\/moblesartesania.com\/ca\/#website\",\"url\":\"https:\/\/moblesartesania.com\/ca\/\",\"name\":\"ARTESAN\u00cdA 1965 S.L\",\"description\":\"DES DE 1965 AL SEU SERVEI\",\"publisher\":{\"@id\":\"https:\/\/moblesartesania.com\/ca\/#organization\"},\"potentialAction\":[{\"@type\":\"SearchAction\",\"target\":{\"@type\":\"EntryPoint\",\"urlTemplate\":\"https:\/\/moblesartesania.com\/ca\/?s={search_term_string}\"},\"query-input\":\"required name=search_term_string\"}],\"inLanguage\":\"ca\"},{\"@type\":\"Organization\",\"@id\":\"https:\/\/moblesartesania.com\/ca\/#organization\",\"name\":\"ARTESAN\u00cdA 1965 S.L\",\"url\":\"https:\/\/moblesartesania.com\/ca\/\",\"logo\":{\"@type\":\"ImageObject\",\"inLanguage\":\"ca\",\"@id\":\"https:\/\/moblesartesania.com\/ca\/#\/schema\/logo\/image\/\",\"url\":\"https:\/\/moblesartesania.com\/wp-content\/uploads\/2023\/07\/LOGO-WEB-ARTESANIA.jpg\",\"contentUrl\":\"https:\/\/moblesartesania.com\/wp-content\/uploads\/2023\/07\/LOGO-WEB-ARTESANIA.jpg\",\"width\":377,\"height\":90,\"caption\":\"ARTESAN\u00cdA 1965 S.L\"},\"image\":{\"@id\":\"https:\/\/moblesartesania.com\/ca\/#\/schema\/logo\/image\/\"},\"sameAs\":[\"https:\/\/www.facebook.com\/people\/Mobles-Artesania\/100063611978495\/\"]}]}<\/script>\n<!-- \/ Yoast SEO plugin. -->","yoast_head_json":{"title":"Declaraci\u00f3 d'accessibilitat - ARTESAN\u00cdA 1965 S.L","description":"A Mobles Artesania ens preocupem per l'accessibilitat de la nostra web. Aqu\u00ed trobar\u00e0s la informaci\u00f3 sobre com hem dissenyat la nostra web","robots":{"index":"index","follow":"follow","max-snippet":"max-snippet:-1","max-image-preview":"max-image-preview:large","max-video-preview":"max-video-preview:-1"},"canonical":"https:\/\/moblesartesania.com\/ca\/declaracio-accessibilitat\/","og_locale":"ca_ES","og_type":"article","og_title":"Declaraci\u00f3 d'accessibilitat - ARTESAN\u00cdA 1965 S.L","og_description":"A Mobles Artesania ens preocupem per l'accessibilitat de la nostra web. Aqu\u00ed trobar\u00e0s la informaci\u00f3 sobre com hem dissenyat la nostra web","og_url":"https:\/\/moblesartesania.com\/ca\/declaracio-accessibilitat\/","og_site_name":"ARTESAN\u00cdA 1965 S.L","article_publisher":"https:\/\/www.facebook.com\/people\/Mobles-Artesania\/100063611978495\/","article_modified_time":"2023-07-26T08:15:20+00:00","twitter_card":"summary_large_image","twitter_misc":{"Temps estimat de lectura":"3 minuts"},"schema":{"@context":"https:\/\/schema.org","@graph":[{"@type":"WebPage","@id":"https:\/\/moblesartesania.com\/ca\/declaracio-accessibilitat\/","url":"https:\/\/moblesartesania.com\/ca\/declaracio-accessibilitat\/","name":"Declaraci\u00f3 d'accessibilitat - ARTESAN\u00cdA 1965 S.L","isPartOf":{"@id":"https:\/\/moblesartesania.com\/ca\/#website"},"datePublished":"2021-10-09T12:01:06+00:00","dateModified":"2023-07-26T08:15:20+00:00","description":"A Mobles Artesania ens preocupem per l'accessibilitat de la nostra web. Aqu\u00ed trobar\u00e0s la informaci\u00f3 sobre com hem dissenyat la nostra web","breadcrumb":{"@id":"https:\/\/moblesartesania.com\/ca\/declaracio-accessibilitat\/#breadcrumb"},"inLanguage":"ca","potentialAction":[{"@type":"ReadAction","target":["https:\/\/moblesartesania.com\/ca\/declaracio-accessibilitat\/"]}]},{"@type":"BreadcrumbList","@id":"https:\/\/moblesartesania.com\/ca\/declaracio-accessibilitat\/#breadcrumb","itemListElement":[{"@type":"ListItem","position":1,"name":"Portada","item":"https:\/\/moblesartesania.com\/ca\/"},{"@type":"ListItem","position":2,"name":"Declaraci\u00f3 d&#8217;accessibilitat"}]},{"@type":"WebSite","@id":"https:\/\/moblesartesania.com\/ca\/#website","url":"https:\/\/moblesartesania.com\/ca\/","name":"ARTESAN\u00cdA 1965 S.L","description":"DES DE 1965 AL SEU SERVEI","publisher":{"@id":"https:\/\/moblesartesania.com\/ca\/#organization"},"potentialAction":[{"@type":"SearchAction","target":{"@type":"EntryPoint","urlTemplate":"https:\/\/moblesartesania.com\/ca\/?s={search_term_string}"},"query-input":"required name=search_term_string"}],"inLanguage":"ca"},{"@type":"Organization","@id":"https:\/\/moblesartesania.com\/ca\/#organization","name":"ARTESAN\u00cdA 1965 S.L","url":"https:\/\/moblesartesania.com\/ca\/","logo":{"@type":"ImageObject","inLanguage":"ca","@id":"https:\/\/moblesartesania.com\/ca\/#\/schema\/logo\/image\/","url":"https:\/\/moblesartesania.com\/wp-content\/uploads\/2023\/07\/LOGO-WEB-ARTESANIA.jpg","contentUrl":"https:\/\/moblesartesania.com\/wp-content\/uploads\/2023\/07\/LOGO-WEB-ARTESANIA.jpg","width":377,"height":90,"caption":"ARTESAN\u00cdA 1965 S.L"},"image":{"@id":"https:\/\/moblesartesania.com\/ca\/#\/schema\/logo\/image\/"},"sameAs":["https:\/\/www.facebook.com\/people\/Mobles-Artesania\/100063611978495\/"]}]}},"_links":{"self":[{"href":"https:\/\/moblesartesania.com\/ca\/wp-json\/wp\/v2\/pages\/16216","targetHints":{"allow":["GET"]}}],"collection":[{"href":"https:\/\/moblesartesania.com\/ca\/wp-json\/wp\/v2\/pages"}],"about":[{"href":"https:\/\/moblesartesania.com\/ca\/wp-json\/wp\/v2\/types\/page"}],"author":[{"embeddable":true,"href":"https:\/\/moblesartesania.com\/ca\/wp-json\/wp\/v2\/users\/1"}],"replies":[{"embeddable":true,"href":"https:\/\/moblesartesania.com\/ca\/wp-json\/wp\/v2\/comments?post=16216"}],"version-history":[{"count":8,"href":"https:\/\/moblesartesania.com\/ca\/wp-json\/wp\/v2\/pages\/16216\/revisions"}],"predecessor-version":[{"id":17047,"href":"https:\/\/moblesartesania.com\/ca\/wp-json\/wp\/v2\/pages\/16216\/revisions\/17047"}],"wp:attachment":[{"href":"https:\/\/moblesartesania.com\/ca\/wp-json\/wp\/v2\/media?parent=16216"}],"curies":[{"name":"wp","href":"https:\/\/api.w.org\/{rel}","templated":true}]}}